{"id":824,"date":"2015-10-02T22:24:51","date_gmt":"2015-10-02T21:24:51","guid":{"rendered":"https:\/\/salzburgsquash.com\/?page_id=824"},"modified":"2026-02-19T10:13:28","modified_gmt":"2026-02-19T09:13:28","slug":"aqeel-rehman","status":"publish","type":"page","link":"https:\/\/salzburgsquash.com\/?page_id=824","title":{"rendered":"Aqeel Rehman"},"content":{"rendered":"<p>Unser mittlerweile 20-facher Staatsmeister aus Salzburg trainiert im Squashcenter &#8218;Tenniscourts S\u00fcd&#8216; in Gneis. Er tritt f\u00fcr die Mannschaft von Ober\u00f6sterreich in der Bundesliga an.<\/p>\n<p>Unter folgendem Link finden sie die Website von Aqeel: <a href=\"http:\/\/www.rehman.at\" target=\"_blank\" rel=\"noopener noreferrer\">Aqeel Rehman<\/a><\/p>\n","protected":false},"excerpt":{"rendered":"<p>Unser mittlerweile 20-facher Staatsmeister aus Salzburg trainiert im Squashcenter &#8218;Tenniscourts S\u00fcd&#8216; in Gneis. Er tritt f\u00fcr die Mannschaft von Ober\u00f6sterreich in der Bundesliga an. Unter folgendem Link finden sie die Website von Aqeel: Aqeel Rehman<\/p>\n","protected":false},"author":1,"featured_media":0,"parent":0,"menu_order":0,"comment_status":"closed","ping_status":"closed","template":"","meta":{"footnotes":""},"class_list":["post-824","page","type-page","status-publish","hentry"],"_links":{"self":[{"href":"https:\/\/salzburgsquash.com\/index.php?rest_route=\/wp\/v2\/pages\/824","targetHints":{"allow":["GET"]}}],"collection":[{"href":"https:\/\/salzburgsquash.com\/index.php?rest_route=\/wp\/v2\/pages"}],"about":[{"href":"https:\/\/salzburgsquash.com\/index.php?rest_route=\/wp\/v2\/types\/page"}],"author":[{"embeddable":true,"href":"https:\/\/salzburgsquash.com\/index.php?rest_route=\/wp\/v2\/users\/1"}],"replies":[{"embeddable":true,"href":"https:\/\/salzburgsquash.com\/index.php?rest_route=%2Fwp%2Fv2%2Fcomments&post=824"}],"version-history":[{"count":6,"href":"https:\/\/salzburgsquash.com\/index.php?rest_route=\/wp\/v2\/pages\/824\/revisions"}],"predecessor-version":[{"id":3759,"href":"https:\/\/salzburgsquash.com\/index.php?rest_route=\/wp\/v2\/pages\/824\/revisions\/3759"}],"wp:attachment":[{"href":"https:\/\/salzburgsquash.com\/index.php?rest_route=%2Fwp%2Fv2%2Fmedia&parent=824"}],"curies":[{"name":"wp","href":"https:\/\/api.w.org\/{rel}","templated":true}]}}