{"id":38,"date":"2007-11-19T22:34:27","date_gmt":"2007-11-19T21:34:27","guid":{"rendered":"https:\/\/salzburgsquash.com\/?page_id=38"},"modified":"2017-07-06T20:21:20","modified_gmt":"2017-07-06T19:21:20","slug":"links","status":"publish","type":"page","link":"https:\/\/salzburgsquash.com\/?page_id=38","title":{"rendered":"Links"},"content":{"rendered":"<ul>\n<li><a title=\"OESRV\" href=\"http:\/\/www.squash.or.at\" target=\"_blank\" rel=\"noopener\">\u00d6SRV &#8211; \u00d6sterreichischer Squash Rackets Verband<\/a><\/li>\n<li><a title=\"Worldsquash\" href=\"http:\/\/www.worldsquash.org\/\" target=\"_blank\" rel=\"noopener\">World Squash Federation<\/a><\/li>\n<li><a title=\"ESF\" href=\"http:\/\/www.europeansquash.com\/\" target=\"_blank\" rel=\"noopener\">European Squash Federation<\/a><\/li>\n<li><a href=\"https:\/\/psaworldtour.com\/\" target=\"_blank\" rel=\"noopener\">Professional Squash Association<\/a><\/li>\n<li><a href=\"https:\/\/psaworldtour.com\/rankings\/world_tour\" target=\"_blank\" rel=\"noopener\">Weltrangliste Herren (PSA)<\/a><\/li>\n<li><a href=\"https:\/\/psaworldtour.com\/rankings\/world_tour?g=women\" target=\"_blank\" rel=\"noopener\">Weltrangliste Damen (PSA)<\/a><\/li>\n<li><a href=\"http:\/\/www.squashsite.co.uk\/\" target=\"blank\">Squash Site<\/a><\/li>\n<li><a title=\"Aqeel\" href=\"http:\/\/www.rehman.at\" target=\"_blank\" rel=\"noopener\">Aqeel Rehman<\/a><\/li>\n<\/ul>\n<p>&nbsp;<\/p>\n<h3>Landesverb\u00e4nde \u00d6sterreich:<\/h3>\n<ul>\n<li><a href=\"http:\/\/www.squash.at\/\" target=\"blank\">Ober\u00f6sterreichischer Squash Rackets Verband<\/a><\/li>\n<li><a href=\"http:\/\/www.squash-tirol.at\/\" target=\"blank\">Tiroler Squash Verband<\/a><a href=\"http:\/\/www.wsrv.at\/\" target=\"blank\">\u00a0<\/a><\/li>\n<li><a href=\"http:\/\/noesrv.weebly.com\/\" target=\"_blank\" rel=\"noopener\">Nieder\u00f6sterreichischer Squash Rackets Verband<\/a><\/li>\n<li><a href=\"http:\/\/www.wsrv.at\/\" target=\"blank\">Wiener Squash Rackets Verband<\/a><\/li>\n<li><a href=\"http:\/\/squash-steiermark.org\/\" target=\"blank\">Steirischer Squash Rackets Verband <\/a><\/li>\n<li><a href=\"http:\/\/www.vsrv.at\/\" target=\"blank\">Vorarlberger Squash Rackets Verband<\/a><\/li>\n<\/ul>\n<p>&nbsp;<\/p>\n","protected":false},"excerpt":{"rendered":"<p>\u00d6SRV &#8211; \u00d6sterreichischer Squash Rackets Verband World Squash Federation European Squash Federation Professional Squash Association Weltrangliste Herren (PSA) Weltrangliste Damen (PSA) Squash Site Aqeel Rehman &nbsp; Landesverb\u00e4nde \u00d6sterreich: Ober\u00f6sterreichischer Squash Rackets Verband Tiroler Squash Verband\u00a0 Nieder\u00f6sterreichischer Squash Rackets Verband Wiener Squash Rackets Verband Steirischer Squash Rackets Verband Vorarlberger Squash Rackets Verband &nbsp;<\/p>\n","protected":false},"author":3,"featured_media":0,"parent":0,"menu_order":0,"comment_status":"closed","ping_status":"closed","template":"","meta":{"footnotes":""},"class_list":["post-38","page","type-page","status-publish","hentry"],"_links":{"self":[{"href":"https:\/\/salzburgsquash.com\/index.php?rest_route=\/wp\/v2\/pages\/38","targetHints":{"allow":["GET"]}}],"collection":[{"href":"https:\/\/salzburgsquash.com\/index.php?rest_route=\/wp\/v2\/pages"}],"about":[{"href":"https:\/\/salzburgsquash.com\/index.php?rest_route=\/wp\/v2\/types\/page"}],"author":[{"embeddable":true,"href":"https:\/\/salzburgsquash.com\/index.php?rest_route=\/wp\/v2\/users\/3"}],"replies":[{"embeddable":true,"href":"https:\/\/salzburgsquash.com\/index.php?rest_route=%2Fwp%2Fv2%2Fcomments&post=38"}],"version-history":[{"count":8,"href":"https:\/\/salzburgsquash.com\/index.php?rest_route=\/wp\/v2\/pages\/38\/revisions"}],"predecessor-version":[{"id":1667,"href":"https:\/\/salzburgsquash.com\/index.php?rest_route=\/wp\/v2\/pages\/38\/revisions\/1667"}],"wp:attachment":[{"href":"https:\/\/salzburgsquash.com\/index.php?rest_route=%2Fwp%2Fv2%2Fmedia&parent=38"}],"curies":[{"name":"wp","href":"https:\/\/api.w.org\/{rel}","templated":true}]}}