{"id":37,"date":"2007-11-19T22:08:16","date_gmt":"2007-11-19T21:08:16","guid":{"rendered":"https:\/\/salzburgsquash.com\/?page_id=37"},"modified":"2026-02-19T10:24:11","modified_gmt":"2026-02-19T09:24:11","slug":"salzburger-squash-club-80","status":"publish","type":"page","link":"https:\/\/salzburgsquash.com\/?page_id=37","title":{"rendered":"Salzburger Squash Club 80"},"content":{"rendered":"<p><a href=\"https:\/\/deref-gmx.net\/mail\/client\/0UJZim7HoFw\/dereferrer\/?redirectUrl=http%3A%2F%2Fwww.squashclub-80.sportunion.at\" target=\"_blank\" rel=\"noopener noreferrer\">www.squashclub-80.sportunion.at<\/a><\/p>\n<p>Gegr\u00fcndet im Jahr 1980, ist der SC80 einer der \u00e4ltesten Squashclubs in \u00d6sterreich.<br \/>\nSeit mehr als 15 Jahren nimmt der Verein an der \u00f6sterreichischen Bundesliga teil und durch die gute Jugendarbeit, bestimmt er seit seiner Gr\u00fcndung das Squashgeschehen in \u00d6sterreich bedeutend mit. Auch der Umzug von der Traditionsanlage in der Moosstra\u00dfe nach Gneis konnte diese Tatsache nicht \u00e4ndern.<\/p>\n<p>Spieler wie Fabian Stenzel, seine Schwester Stefanie Stenzel, Mathias Ebenberger, G\u00fcnther und Martin Dworschak konnten alle in den diversen Jugendklassen zahlreiche nationale und internationale Erfolge feiern. Die aktuelle Nr. 1 und Nr. 2 der \u00f6sterreichischen Rangliste &#8211; Aqeel Rehman und Jakob Dirnberger &#8211; sind beide ein &#8218;Produkt&#8216; der Salzburger Nachwuchsarbeit.<\/p>\n<p>Auch die aktuellen Nachwuchsspieler des SC80 k\u00f6nnen schon auf sehr sch\u00f6ne Erfolge verweisen:<\/p>\n<p>Sabrina Rehman gewann ihr erstes internationales Jugendturnier (Hungarian Junior Open).\u00a0 Silvan Kux &#8211; unser Import aus Deutschland &#8211; gewann gleich bei seinem ersten Antreten die Salzburger Jugendmeisterschaften (U19). Daniel Nagel &#8211; unser Import aus Mondsee &#8211; belegte bei den Hungarian Junior Open Platz 3. Emina Jusic belegte bei den Salzburger Jugendmeisterschaften (U19 M\u00e4dchen &#8211; B) den 1. Platz und Daniel Worsche bei den Burschen U13 &#8211; B den 2. Platz. Bernadette Pointl belegte bei den M\u00e4dchen (U19 B) den 5 Platz.<\/p>\n<p>Daniel Lutz gewann die \u00f6sterreichischen Jugendmeisterschaften 2017 in der Altersklasse U11.<\/p>\n<header class=\"entry-header\">\n<h1 class=\"entry-title\">Trainer<\/h1>\n<\/header>\n<div class=\"entry-content\">\n<h2>Aqeel Rehman<\/h2>\n<figure id=\"attachment_1703\" class=\"wp-caption alignleft\"><a href=\"https:\/\/salzburgsquash.com\/wp-content\/uploads\/2017\/07\/Andreas-Schaad-1.jpg\"><img loading=\"lazy\" decoding=\"async\" class=\"wp-image-1703 size-medium\" src=\"https:\/\/salzburgsquash.com\/wp-content\/uploads\/2017\/07\/Andreas-Schaad-1-223x300.jpg\" sizes=\"auto, (max-width: 223px) 100vw, 223px\" srcset=\"https:\/\/salzburgsquash.com\/wp-content\/uploads\/2017\/07\/Andreas-Schaad-1-223x300.jpg 223w, https:\/\/salzburgsquash.com\/wp-content\/uploads\/2017\/07\/Andreas-Schaad-1-768x1031.jpg 768w, https:\/\/salzburgsquash.com\/wp-content\/uploads\/2017\/07\/Andreas-Schaad-1-763x1024.jpg 763w\" alt=\"\" width=\"223\" height=\"300\" \/><\/a><figcaption class=\"wp-caption-text\">Foto: Schaadfoto\/Andreas Schaad<\/figcaption><\/figure>\n<p>Squashprofi und PSA-Weltranglistenspieler<br \/>\n15 PSA Titel (zuletzt New York 2023<br \/>\nBeste Weltranglistenplatzierung: 76 (September 2021)<br \/>\n20-facher \u00d6sterreichischer Staatsmeister<br \/>\nBundes- Liga Titel 5<\/p>\n<p><strong>www.rehman.at<\/strong><\/p>\n<p><a href=\"https:\/\/de-de.facebook.com\/aqeel.squash\/\" target=\"_blank\" rel=\"noopener noreferrer\">Aqeel Rehman legit<\/a><\/p>\n<p>Als Nachfolger des langj\u00e4hrigen Erfolgstrainers Martin Tollich, konnten bereits einige Erfolge mit Salzburgers Jugend gefeiert werden (Daniel Lutz \u00f6sterr. Meister U11 2017, Florian Hofbauer 4. Platz \u00d6M Jugend U13 2017 und 4. Platz \u00d6M Jugend U11 2016, Phillipp Hofbauer 3. Platz \u00d6M Jugend U13 2016)<\/p>\n<p><a href=\"https:\/\/salzburgsquash.com\/wp-content\/uploads\/2017\/07\/9c7a4023_33633061813_o.jpg\"><img loading=\"lazy\" decoding=\"async\" class=\"alignnone wp-image-1704\" src=\"https:\/\/salzburgsquash.com\/wp-content\/uploads\/2017\/07\/9c7a4023_33633061813_o.jpg\" sizes=\"auto, (max-width: 640px) 100vw, 640px\" srcset=\"https:\/\/salzburgsquash.com\/wp-content\/uploads\/2017\/07\/9c7a4023_33633061813_o.jpg 1000w, https:\/\/salzburgsquash.com\/wp-content\/uploads\/2017\/07\/9c7a4023_33633061813_o-300x200.jpg 300w, https:\/\/salzburgsquash.com\/wp-content\/uploads\/2017\/07\/9c7a4023_33633061813_o-768x512.jpg 768w\" alt=\"\" width=\"640\" height=\"427\" \/><\/a><\/p>\n<p><a href=\"https:\/\/salzburgsquash.com\/wp-content\/uploads\/2017\/07\/a.lutche-3.jpg\"><img loading=\"lazy\" decoding=\"async\" class=\"alignnone wp-image-1705\" src=\"https:\/\/salzburgsquash.com\/wp-content\/uploads\/2017\/07\/a.lutche-3.jpg\" sizes=\"auto, (max-width: 640px) 100vw, 640px\" srcset=\"https:\/\/salzburgsquash.com\/wp-content\/uploads\/2017\/07\/a.lutche-3.jpg 1000w, https:\/\/salzburgsquash.com\/wp-content\/uploads\/2017\/07\/a.lutche-3-300x215.jpg 300w, https:\/\/salzburgsquash.com\/wp-content\/uploads\/2017\/07\/a.lutche-3-768x551.jpg 768w\" alt=\"\" width=\"640\" height=\"459\" \/><\/a><br \/>\nFotos: a.lutche \u2013 www.alutche-photography.com<\/p>\n<p>S\u00e4mtliche Informationen zum Jugendtraining des SC80, sowie Einzel- und Gruppentrainings vom Anf\u00e4nger bis zum Profi unter 0650\/5267976, oder einfach per mail an aqeel@gmx.at<\/p>\n<p><a href=\"https:\/\/salzburgsquash.com\/wp-content\/uploads\/2016\/12\/DSC_0184.jpg\"><img loading=\"lazy\" decoding=\"async\" class=\"alignnone wp-image-1299\" src=\"https:\/\/salzburgsquash.com\/wp-content\/uploads\/2016\/12\/DSC_0184-1024x680.jpg\" sizes=\"auto, (max-width: 640px) 100vw, 640px\" srcset=\"https:\/\/salzburgsquash.com\/wp-content\/uploads\/2016\/12\/DSC_0184-1024x680.jpg 1024w, https:\/\/salzburgsquash.com\/wp-content\/uploads\/2016\/12\/DSC_0184-300x199.jpg 300w, https:\/\/salzburgsquash.com\/wp-content\/uploads\/2016\/12\/DSC_0184-768x510.jpg 768w\" alt=\"\" width=\"640\" height=\"425\" \/><\/a><\/p>\n<\/div>\n<h3>Der aktuelle Vorstand setzt sich zusammen aus:<\/h3>\n<p>Obmann :\u00a0 \u00a0 \u00a0 \u00a0 \u00a0 \u00a0 \u00a0 \u00a0 \u00a0 \u00a0 \u00a0 \u00a0 \u00a0 \u00a0 \u00a0 \u00a0 Wolfgang Wallentin<\/p>\n<p>Kassier:\u00a0 \u00a0 \u00a0 \u00a0 \u00a0 \u00a0 \u00a0 \u00a0 \u00a0 \u00a0 \u00a0 \u00a0 \u00a0 \u00a0 \u00a0 \u00a0 \u00a0 \u00a0 Rosmarie Rehman<\/p>\n<p>Schriftf\u00fchrer:\u00a0\u00a0\u00a0\u00a0\u00a0\u00a0\u00a0\u00a0\u00a0\u00a0\u00a0\u00a0\u00a0\u00a0\u00a0\u00a0\u00a0\u00a0\u00a0\u00a0\u00a0\u00a0\u00a0\u00a0\u00a0 Aqeel Rehman<\/p>\n<p><a href=\"https:\/\/deref-gmx.net\/mail\/client\/0UJZim7HoFw\/dereferrer\/?redirectUrl=http%3A%2F%2Fwww.squashclub-80.sportunion.at\" target=\"_blank\" rel=\"noopener noreferrer\">www.squashclub-80.sportunion.at<\/a><\/p>\n<h3>Der Squash Club 80 bedankt sich bei seinen Unterst\u00fctzern:<\/h3>\n<p><a href=\"https:\/\/salzburgsquash.com\/wp-content\/uploads\/2019\/05\/stadt-salzburg.jpg\"><img loading=\"lazy\" decoding=\"async\" class=\"alignnone wp-image-2301\" src=\"https:\/\/salzburgsquash.com\/wp-content\/uploads\/2019\/05\/stadt-salzburg.jpg\" alt=\"\" width=\"400\" height=\"214\" srcset=\"https:\/\/salzburgsquash.com\/wp-content\/uploads\/2019\/05\/stadt-salzburg.jpg 600w, https:\/\/salzburgsquash.com\/wp-content\/uploads\/2019\/05\/stadt-salzburg-300x161.jpg 300w\" sizes=\"auto, (max-width: 400px) 100vw, 400px\" \/><\/a><\/p>\n<p><a href=\"https:\/\/salzburgsquash.com\/wp-content\/uploads\/2019\/05\/union.jpg\"><img loading=\"lazy\" decoding=\"async\" class=\"alignnone wp-image-2303\" src=\"https:\/\/salzburgsquash.com\/wp-content\/uploads\/2019\/05\/union.jpg\" alt=\"\" width=\"400\" height=\"133\" srcset=\"https:\/\/salzburgsquash.com\/wp-content\/uploads\/2019\/05\/union.jpg 500w, https:\/\/salzburgsquash.com\/wp-content\/uploads\/2019\/05\/union-300x100.jpg 300w\" sizes=\"auto, (max-width: 400px) 100vw, 400px\" \/><\/a><\/p>\n","protected":false},"excerpt":{"rendered":"<p>www.squashclub-80.sportunion.at Gegr\u00fcndet im Jahr 1980, ist der SC80 einer der \u00e4ltesten Squashclubs in \u00d6sterreich. Seit mehr als 15 Jahren nimmt der Verein an der \u00f6sterreichischen Bundesliga teil und durch die gute Jugendarbeit, bestimmt er seit seiner Gr\u00fcndung das Squashgeschehen in \u00d6sterreich bedeutend mit. Auch der Umzug von der Traditionsanlage in der Moosstra\u00dfe nach Gneis konnte diese Tatsache nicht \u00e4ndern. Spieler wie Fabian Stenzel, seine Schwester Stefanie Stenzel, Mathias Ebenberger, G\u00fcnther und Martin Dworschak konnten alle in den diversen Jugendklassen zahlreiche nationale und internationale Erfolge feiern. Die aktuelle Nr. 1 und Nr. 2 der \u00f6sterreichischen Rangliste &#8211; Aqeel Rehman und Jakob Dirnberger &#8211; sind beide ein &#8218;Produkt&#8216; der Salzburger Nachwuchsarbeit. Auch die aktuellen Nachwuchsspieler des SC80 k\u00f6nnen schon auf sehr sch\u00f6ne Erfolge verweisen: Sabrina Rehman gewann <span class=\"readmore\"><a href=\"https:\/\/salzburgsquash.com\/?page_id=37\">Weiterlesen &#8230;<\/a><\/span><\/p>\n","protected":false},"author":3,"featured_media":0,"parent":36,"menu_order":0,"comment_status":"open","ping_status":"closed","template":"","meta":{"footnotes":""},"class_list":["post-37","page","type-page","status-publish","hentry"],"_links":{"self":[{"href":"https:\/\/salzburgsquash.com\/index.php?rest_route=\/wp\/v2\/pages\/37","targetHints":{"allow":["GET"]}}],"collection":[{"href":"https:\/\/salzburgsquash.com\/index.php?rest_route=\/wp\/v2\/pages"}],"about":[{"href":"https:\/\/salzburgsquash.com\/index.php?rest_route=\/wp\/v2\/types\/page"}],"author":[{"embeddable":true,"href":"https:\/\/salzburgsquash.com\/index.php?rest_route=\/wp\/v2\/users\/3"}],"replies":[{"embeddable":true,"href":"https:\/\/salzburgsquash.com\/index.php?rest_route=%2Fwp%2Fv2%2Fcomments&post=37"}],"version-history":[{"count":15,"href":"https:\/\/salzburgsquash.com\/index.php?rest_route=\/wp\/v2\/pages\/37\/revisions"}],"predecessor-version":[{"id":3762,"href":"https:\/\/salzburgsquash.com\/index.php?rest_route=\/wp\/v2\/pages\/37\/revisions\/3762"}],"up":[{"embeddable":true,"href":"https:\/\/salzburgsquash.com\/index.php?rest_route=\/wp\/v2\/pages\/36"}],"wp:attachment":[{"href":"https:\/\/salzburgsquash.com\/index.php?rest_route=%2Fwp%2Fv2%2Fmedia&parent=37"}],"curies":[{"name":"wp","href":"https:\/\/api.w.org\/{rel}","templated":true}]}}