{"id":24,"date":"2007-11-13T20:42:45","date_gmt":"2007-11-13T19:42:45","guid":{"rendered":"https:\/\/salzburgsquash.com\/?page_id=24"},"modified":"2017-07-10T21:16:33","modified_gmt":"2017-07-10T20:16:33","slug":"anlagen","status":"publish","type":"page","link":"https:\/\/salzburgsquash.com\/?page_id=24","title":{"rendered":"Anlagen"},"content":{"rendered":"<p><strong>Tenniscourts S\u00fcd <\/strong>(4 Squashcourts, 2 Hallentennispl\u00e4tze und 5 Freipl\u00e4tze)<br \/>\nBerchtesgadenerstr. 35a, 5020 Salzburg<br \/>\n<strong>Webpage: <a href=\"http:\/\/www.tenniscourt.at\" target=\"_blank\" rel=\"noopener noreferrer\">http:\/\/www.tenniscourt.at<\/a><\/strong><\/p>\n<p><strong>Sportpark Freilassing <\/strong>(6 Squashcourts, Badminton, Fitness, Hallenfu\u00dfball)<br \/>\nZollh\u00e4uslstr. 5, 83395 Freilassing<br \/>\n<strong>Webpage: <a href=\"http:\/\/www.sportpark.com\/home\" target=\"_blank\" rel=\"noopener noreferrer\">http:\/\/www.sportpark.com<\/a><\/strong><\/p>\n<p><strong>Vitaclub Mondsee <\/strong>(3 Squashcourts, 3 Hallentennispl\u00e4tze, Badminton, Klettern)<br \/>\nPrielhofstra\u00dfe 4, 5310 Mondsee<br \/>\n<strong>Webpage: <a href=\"https:\/\/www.vitaclub.at\/ueber-uns\/vita-club-gruppe\/vita-club-mondsee.html\" target=\"_blank\" rel=\"noopener noreferrer\">http:\/\/www.vitaclub.at<\/a><\/strong><\/p>\n<p><strong>Club Kitzsteinhorn <\/strong>(1 Squashcourt)<br \/>\nGletschermoorstra\u00dfe 13, 5700 Zell am See<br \/>\n<strong>Webpage: <a href=\"http:\/\/www.jugendclub.at\" target=\"_blank\" rel=\"noopener noreferrer\">http:\/\/www.jugendclub.at<\/a><\/strong><\/p>\n<p><strong>Ferienhotel Pa\u00df Thurn <\/strong>(1 Squashcourt)<br \/>\nPass Thurn 11, 5730 Mittersill<br \/>\n<strong>Webpage: <a href=\"http:\/\/www.passthurn.at\" target=\"_blank\" rel=\"noopener noreferrer\">http:\/\/www.passthurn.at<\/a><\/strong><\/p>\n<p><strong>Sporthotel Kogler <\/strong>(1 Squashcourt)<br \/>\nHallenbadstra\u00dfe. 1-3, 5730 Mittersill<br \/>\n<strong>Webpage: <a href=\"http:\/\/www.hotel-kogler.at\" target=\"_blank\" rel=\"noopener noreferrer\">http:\/\/www.hotel-kogler.at<\/a><\/strong><\/p>\n<p><strong>Hotel Gut Brandlhof <\/strong>(1 Squashcourt)<br \/>\nHohlwegen 4, 5760 Saalfelden<br \/>\n<strong>Webpage: <\/strong><strong><a href=\"http:\/\/www.brandlhof.com\" target=\"_blank\" rel=\"noopener noreferrer\">http:\/\/www.brandlhof.com<\/a><\/strong><\/p>\n<p><strong>Hotel Krallerhof <\/strong>(2 Squashcourts)<br \/>\nRain 6, 5771 Leogang<br \/>\n<strong>Webpage: <a href=\"http:\/\/www.krallerhof.com\" target=\"_blank\" rel=\"noopener noreferrer\">http:\/\/www.krallerhof.com<\/a><\/strong><\/p>\n<p><strong>\u00a0<\/strong><\/p>\n","protected":false},"excerpt":{"rendered":"<p>Tenniscourts S\u00fcd (4 Squashcourts, 2 Hallentennispl\u00e4tze und 5 Freipl\u00e4tze) Berchtesgadenerstr. 35a, 5020 Salzburg Webpage: http:\/\/www.tenniscourt.at Sportpark Freilassing (6 Squashcourts, Badminton, Fitness, Hallenfu\u00dfball) Zollh\u00e4uslstr. 5, 83395 Freilassing Webpage: http:\/\/www.sportpark.com Vitaclub Mondsee (3 Squashcourts, 3 Hallentennispl\u00e4tze, Badminton, Klettern) Prielhofstra\u00dfe 4, 5310 Mondsee Webpage: http:\/\/www.vitaclub.at Club Kitzsteinhorn (1 Squashcourt) Gletschermoorstra\u00dfe 13, 5700 Zell am See Webpage: http:\/\/www.jugendclub.at Ferienhotel Pa\u00df Thurn (1 Squashcourt) Pass Thurn 11, 5730 Mittersill Webpage: http:\/\/www.passthurn.at Sporthotel Kogler (1 Squashcourt) Hallenbadstra\u00dfe. 1-3, 5730 Mittersill Webpage: http:\/\/www.hotel-kogler.at Hotel Gut Brandlhof (1 Squashcourt) Hohlwegen 4, 5760 Saalfelden Webpage: http:\/\/www.brandlhof.com Hotel Krallerhof (2 Squashcourts) Rain 6, 5771 Leogang Webpage: http:\/\/www.krallerhof.com \u00a0<\/p>\n","protected":false},"author":3,"featured_media":0,"parent":0,"menu_order":0,"comment_status":"closed","ping_status":"closed","template":"","meta":{"footnotes":""},"class_list":["post-24","page","type-page","status-publish","hentry"],"_links":{"self":[{"href":"https:\/\/salzburgsquash.com\/index.php?rest_route=\/wp\/v2\/pages\/24","targetHints":{"allow":["GET"]}}],"collection":[{"href":"https:\/\/salzburgsquash.com\/index.php?rest_route=\/wp\/v2\/pages"}],"about":[{"href":"https:\/\/salzburgsquash.com\/index.php?rest_route=\/wp\/v2\/types\/page"}],"author":[{"embeddable":true,"href":"https:\/\/salzburgsquash.com\/index.php?rest_route=\/wp\/v2\/users\/3"}],"replies":[{"embeddable":true,"href":"https:\/\/salzburgsquash.com\/index.php?rest_route=%2Fwp%2Fv2%2Fcomments&post=24"}],"version-history":[{"count":9,"href":"https:\/\/salzburgsquash.com\/index.php?rest_route=\/wp\/v2\/pages\/24\/revisions"}],"predecessor-version":[{"id":1673,"href":"https:\/\/salzburgsquash.com\/index.php?rest_route=\/wp\/v2\/pages\/24\/revisions\/1673"}],"wp:attachment":[{"href":"https:\/\/salzburgsquash.com\/index.php?rest_route=%2Fwp%2Fv2%2Fmedia&parent=24"}],"curies":[{"name":"wp","href":"https:\/\/api.w.org\/{rel}","templated":true}]}}