{"id":23,"date":"2007-11-13T20:42:30","date_gmt":"2007-11-13T19:42:30","guid":{"rendered":"https:\/\/salzburgsquash.com\/?page_id=23"},"modified":"2026-02-19T09:44:07","modified_gmt":"2026-02-19T08:44:07","slug":"ssrv","status":"publish","type":"page","link":"https:\/\/salzburgsquash.com\/?page_id=23","title":{"rendered":"SSRV"},"content":{"rendered":"<p>Der <strong>Salzburger Squash Rackets Verband<\/strong> wurde im Jahr 1984 gegr\u00fcndet. Der Landesverband z\u00e4hlte damals drei Mitgliedsvereine: Salzburger SC80, 1. Salzburger Squashclub Eugendorf und Happy Squash Salzburg. Seit 1986 legt der SSRV seine ganze Aufmerksamkeit in die F\u00f6rderung seiner Jugendlichen und das mit \u00e4u\u00dferst erfreulichen Ergebnissen.<br \/>\nIn den Jahren seines Bestehens gab es viele Hochs und auch ein paar kleine Tiefs. Hier die wichtigsten Ereignisse (ohne Anspruch auf Vollst\u00e4ndigkeit):<\/p>\n<ul>\n<li>16 Staatsmeistertitel der Damen von Pamela Pancis (der erste im Jahr 1989!)<\/li>\n<li>1. Staatsmeister-Titel f\u00fcr einen Salzburger Spieler: Harry Pancis &#8211; 1982<\/li>\n<li>\u00a020 Staatsmeistertitel der Herren von Aqeel Rehman SC80 (2007-2026)<\/li>\n<li>12 Damen-Mannschafts Staatsmeistertitel (8x Happy Squash Salzburg, 4 x SC Hofsport)<\/li>\n<li>2. Platz in der Squash-Bundesliga der Herren f\u00fcr den SC80 in den Jahren 1994, 2014 sowie 2015<\/li>\n<li>\u00d6sterreichische Staatsmeisterschaften 2006 im Europark Salzburg, auf einem Vollglascourt<\/li>\n<li>2005 &#8211; Abriss der Traditionsanlage Moosstrasse<\/li>\n<li>1988 bis 1990 &#8211; internationale ISPA-Turniere (Weltranglistenturnier) in Bergheim (100.000$ mit Jahangir Khan uvw.)<\/li>\n<li>2015 &#8211; Austrian Squash Challenge (Austrian Open + Victor Bundesliga-Finale) im Europark Salzburg<\/li>\n<li>2016 &#8211; Austrian Squash Challenge (Austrian Open + Victor Bundesliga-Finale) im Europark Salzburg<\/li>\n<li>2017 &#8211; Austrian Squash Challenge (Austrian Open + Finale der Victor Elite Serie Austria) im Europark\u00a0 Salzburg<\/li>\n<li>2018 &#8211; Austrian Squash Challenge ( Austrian Open + Elite Serie Finalturnier) im Europark Salzburg<\/li>\n<li>2019 &#8211; Austrian Squash Challenge ( Austrian Open + Bundesliga-Finale)\u00a0 im Europark Salzburg<\/li>\n<li>2020 &#8211; Austrian Squash Challenge ( Austrian Open) Tenniscourt S\u00fcd<\/li>\n<li>2021 &#8211; Austrian Squash Challenge ( Austrian Open + Bundesliga- Finale) im Europark Salzburg<\/li>\n<li>2022 &#8211; Austrian Squash Challenge ( Austrian Open ) zum ersten mal mit Damenbewerb, im Europark Salzburg<\/li>\n<li>2023 &#8211; Austrian Squash Challenge (Mozart Open) Damen und Herrenberweb, im Europark Salzburg<\/li>\n<li>2024 &#8211; Austrian Squash Challenge (Mozart Open) Damen und Herrenbewerb, im Europark Salzburg<\/li>\n<li>2025 &#8211; Austrian Squash Challenge (Mozart Open) Damen und Herrenbewerb, im Europark Salzburg<\/li>\n<li>2026 &#8211; Austrian Squash Challenge (Mozart Open) Damen und Herrenbewerb, im Messezentrum Salzburg<\/li>\n<\/ul>\n<h3>Der aktuelle Vorstand setzt sich zusammen aus:<\/h3>\n<p><strong><em>Pr\u00e4sident:<\/em><\/strong><\/p>\n<p>Dipl. Ing. Christian Hofbauer<\/p>\n<p><strong><em>Vizepr\u00e4sident:<\/em><\/strong><\/p>\n<p>Wolfgang Wallentin<\/p>\n<p><strong><em>Kassiererin:<\/em><\/strong><\/p>\n<p>Rosmarie Rehman<\/p>\n<p><strong><em>Schriftf\u00fchrer:<\/em><\/strong><\/p>\n<p>Apeel Rehman<\/p>\n<p><em><strong>Schriftf\u00fchrer Stv.:<\/strong><\/em><\/p>\n<p>Dieter Hawlin<\/p>\n","protected":false},"excerpt":{"rendered":"<p>Der Salzburger Squash Rackets Verband wurde im Jahr 1984 gegr\u00fcndet. Der Landesverband z\u00e4hlte damals drei Mitgliedsvereine: Salzburger SC80, 1. Salzburger Squashclub Eugendorf und Happy Squash Salzburg. Seit 1986 legt der SSRV seine ganze Aufmerksamkeit in die F\u00f6rderung seiner Jugendlichen und das mit \u00e4u\u00dferst erfreulichen Ergebnissen. In den Jahren seines Bestehens gab es viele Hochs und auch ein paar kleine Tiefs. Hier die wichtigsten Ereignisse (ohne Anspruch auf Vollst\u00e4ndigkeit): 16 Staatsmeistertitel der Damen von Pamela Pancis (der erste im Jahr 1989!) 1. Staatsmeister-Titel f\u00fcr einen Salzburger Spieler: Harry Pancis &#8211; 1982 \u00a020 Staatsmeistertitel der Herren von Aqeel Rehman SC80 (2007-2026) 12 Damen-Mannschafts Staatsmeistertitel (8x Happy Squash Salzburg, 4 x SC Hofsport) 2. Platz in der Squash-Bundesliga der Herren f\u00fcr den SC80 in den Jahren 1994, 2014 <span class=\"readmore\"><a href=\"https:\/\/salzburgsquash.com\/?page_id=23\">Weiterlesen &#8230;<\/a><\/span><\/p>\n","protected":false},"author":5,"featured_media":0,"parent":0,"menu_order":0,"comment_status":"closed","ping_status":"closed","template":"","meta":{"footnotes":""},"class_list":["post-23","page","type-page","status-publish","hentry"],"_links":{"self":[{"href":"https:\/\/salzburgsquash.com\/index.php?rest_route=\/wp\/v2\/pages\/23","targetHints":{"allow":["GET"]}}],"collection":[{"href":"https:\/\/salzburgsquash.com\/index.php?rest_route=\/wp\/v2\/pages"}],"about":[{"href":"https:\/\/salzburgsquash.com\/index.php?rest_route=\/wp\/v2\/types\/page"}],"author":[{"embeddable":true,"href":"https:\/\/salzburgsquash.com\/index.php?rest_route=\/wp\/v2\/users\/5"}],"replies":[{"embeddable":true,"href":"https:\/\/salzburgsquash.com\/index.php?rest_route=%2Fwp%2Fv2%2Fcomments&post=23"}],"version-history":[{"count":26,"href":"https:\/\/salzburgsquash.com\/index.php?rest_route=\/wp\/v2\/pages\/23\/revisions"}],"predecessor-version":[{"id":3752,"href":"https:\/\/salzburgsquash.com\/index.php?rest_route=\/wp\/v2\/pages\/23\/revisions\/3752"}],"wp:attachment":[{"href":"https:\/\/salzburgsquash.com\/index.php?rest_route=%2Fwp%2Fv2%2Fmedia&parent=23"}],"curies":[{"name":"wp","href":"https:\/\/api.w.org\/{rel}","templated":true}]}}