{"id":201,"date":"2012-01-13T15:07:27","date_gmt":"2012-01-13T14:07:27","guid":{"rendered":"https:\/\/salzburgsquash.com\/?page_id=201"},"modified":"2022-12-28T11:39:16","modified_gmt":"2022-12-28T10:39:16","slug":"squash-club-viehausen","status":"publish","type":"page","link":"https:\/\/salzburgsquash.com\/?page_id=201","title":{"rendered":"Squash Club Viehhausen"},"content":{"rendered":"<p><a href=\"https:\/\/salzburgsquash.com\/wp-content\/uploads\/2012\/01\/IMG_5716.jpg\"><img loading=\"lazy\" decoding=\"async\" class=\"alignnone wp-image-1771\" src=\"https:\/\/salzburgsquash.com\/wp-content\/uploads\/2012\/01\/IMG_5716-1024x683.jpg\" alt=\"\" width=\"550\" height=\"367\" srcset=\"https:\/\/salzburgsquash.com\/wp-content\/uploads\/2012\/01\/IMG_5716-1024x683.jpg 1024w, https:\/\/salzburgsquash.com\/wp-content\/uploads\/2012\/01\/IMG_5716-300x200.jpg 300w, https:\/\/salzburgsquash.com\/wp-content\/uploads\/2012\/01\/IMG_5716-768x512.jpg 768w\" sizes=\"auto, (max-width: 550px) 100vw, 550px\" \/><\/a><\/p>\n<p>Der <strong>Squash Club Viehhausen<\/strong>, kurz SqCV, besteht seit dem Jahr 2009. Im Jahr 2011 erfolgte die Eintragung in das Vereinsregister mit Sitz in der Gemeinde Wals Siezenheim &#8211; Viehhausen.<\/p>\n<p>Die Gr\u00fcndungsmitglieder aus dem Jahr 2009: Eibl Wolfgang, Esterer Johann, Eibl Alois, Eibl Andreas<\/p>\n<p>Das Engagement unseres zwar sehr jungen, aber dennoch sehr aktiven Vereins, gilt dem schnellen Spiel mit dem Ball, sowie dem Streben nach sportlichen H\u00f6chstleistungen.<\/p>\n<p><a href=\"https:\/\/salzburgsquash.com\/wp-content\/uploads\/2017\/04\/Platz-2-500.jpg\"><img loading=\"lazy\" decoding=\"async\" class=\"alignnone wp-image-1395\" src=\"https:\/\/salzburgsquash.com\/wp-content\/uploads\/2017\/04\/Platz-2-500.jpg\" alt=\"\" width=\"550\" height=\"309\" srcset=\"https:\/\/salzburgsquash.com\/wp-content\/uploads\/2017\/04\/Platz-2-500.jpg 500w, https:\/\/salzburgsquash.com\/wp-content\/uploads\/2017\/04\/Platz-2-500-300x169.jpg 300w\" sizes=\"auto, (max-width: 550px) 100vw, 550px\" \/><\/a><\/p>\n<p>Der SqCV ist seit Anbeginn Fixstarter in der zweith\u00f6chsten Liga \u00d6sterreichs, der Salzburger Landesliga. Bis zu Drei weitere Squash-Vereine aus dem Bundesland Salzburg, Freilassing und dem angrenzenden Ober\u00f6sterreich, k\u00e4mpfen dort um den Meistertitel. Unser Verein fixierte 2014 durch herausragende Leistungen den Herbstmeistertitel. Saison 2015, 2016 sowie 2017 konnte sogar der Vizemeistertitel nach Viehhausen geholt werden.<\/p>\n<p><a href=\"https:\/\/salzburgsquash.com\/wp-content\/uploads\/2018\/05\/Sieger-550.jpg\"><img loading=\"lazy\" decoding=\"async\" class=\"alignnone size-full wp-image-2069\" src=\"https:\/\/salzburgsquash.com\/wp-content\/uploads\/2018\/05\/Sieger-550.jpg\" alt=\"\" width=\"550\" height=\"733\" srcset=\"https:\/\/salzburgsquash.com\/wp-content\/uploads\/2018\/05\/Sieger-550.jpg 550w, https:\/\/salzburgsquash.com\/wp-content\/uploads\/2018\/05\/Sieger-550-225x300.jpg 225w\" sizes=\"auto, (max-width: 550px) 100vw, 550px\" \/><\/a><\/p>\n<p><strong>2018 war es dann endlich soweit und der Squash Club Viehhausen kr\u00f6nte sich im Europark Salzburg zum Landesmeister im Mannschaftsbewerb!<\/strong><\/p>\n<p>Angef\u00fchrt wird die Mannschaft von Beginn an durch Eibl Andreas als Mannschaftsf\u00fchrer, welcher zudem 2018 mit seinem Vereinskollegen Andreas Wiesner, sowie dem Freilassinger Herbert Gassner, erstmals den Titel des \u00d6sterreichischen Mannschaftsmeister-Senioren nach Salzburg holen konnte.<\/p>\n<p><a href=\"https:\/\/salzburgsquash.com\/wp-content\/uploads\/2018\/05\/sqcv.jpg\"><img loading=\"lazy\" decoding=\"async\" class=\"alignnone size-full wp-image-2036\" src=\"https:\/\/salzburgsquash.com\/wp-content\/uploads\/2018\/05\/sqcv.jpg\" alt=\"\" width=\"550\" height=\"412\" srcset=\"https:\/\/salzburgsquash.com\/wp-content\/uploads\/2018\/05\/sqcv.jpg 550w, https:\/\/salzburgsquash.com\/wp-content\/uploads\/2018\/05\/sqcv-300x225.jpg 300w\" sizes=\"auto, (max-width: 550px) 100vw, 550px\" \/><\/a><\/p>\n<p>Als weitere sportliche Leistungen sind die Platzierungen der Viehhauser Squashspieler bei den Einzel Landesmeisterschaften zu erw\u00e4hnen.<\/p>\n<p>Hier stellt der SqCV mit Robert Fasser den amtierenden Landesmeister. Weiters wurde in der Saison 15\/16 bei den Landesmeisterschaften der 3. Platz von Eibl Andreas, sowie der 6. Platz von Moser Thomas erreicht.<\/p>\n<p><a href=\"https:\/\/salzburgsquash.com\/wp-content\/uploads\/2017\/05\/20170505_111317.jpg\"><img loading=\"lazy\" decoding=\"async\" class=\"alignnone wp-image-1425\" src=\"https:\/\/salzburgsquash.com\/wp-content\/uploads\/2017\/05\/20170505_111317-1024x576.jpg\" alt=\"\" width=\"550\" height=\"309\" srcset=\"https:\/\/salzburgsquash.com\/wp-content\/uploads\/2017\/05\/20170505_111317-1024x576.jpg 1024w, https:\/\/salzburgsquash.com\/wp-content\/uploads\/2017\/05\/20170505_111317-300x169.jpg 300w, https:\/\/salzburgsquash.com\/wp-content\/uploads\/2017\/05\/20170505_111317-768x432.jpg 768w\" sizes=\"auto, (max-width: 550px) 100vw, 550px\" \/><\/a><\/p>\n<p>In der Saison 2019\/20 war es dann soweit und der Squash Club Viehhausen schaffte den Sprung in die h\u00f6chste Spielklasse \u00d6sterreichs &#8211; die Victor Bundesliga Austria.<\/p>\n<p>\u00a0<\/p>\n\n\n<\/p>\n<figure class=\"wp-block-image\"><img loading=\"lazy\" decoding=\"async\" class=\"alignnone wp-image-2374\" src=\"https:\/\/salzburgsquash.com\/wp-content\/uploads\/2019\/10\/IMG-20191001-WA0000-1-1024x657.jpg\" alt=\"\" width=\"600\" height=\"385\" data-wp-editing=\"1\" srcset=\"https:\/\/salzburgsquash.com\/wp-content\/uploads\/2019\/10\/IMG-20191001-WA0000-1-1024x657.jpg 1024w, https:\/\/salzburgsquash.com\/wp-content\/uploads\/2019\/10\/IMG-20191001-WA0000-1-300x192.jpg 300w, https:\/\/salzburgsquash.com\/wp-content\/uploads\/2019\/10\/IMG-20191001-WA0000-1-768x492.jpg 768w, https:\/\/salzburgsquash.com\/wp-content\/uploads\/2019\/10\/IMG-20191001-WA0000-1.jpg 1600w\" sizes=\"auto, (max-width: 600px) 100vw, 600px\" \/><\/figure>\n<p>\n\n\n<p>\u00a0<\/p>\n<p>v.L.n.R.: Robert Fasser, Andreas Wiesner, Mathias Ebenberger, Mario Reichelt, Andreas Eibl (MF)<\/p>\n<p>Von da an in allen Spielklassen vertreten entwickelte sich der Verein stetig weiter. Inzwischen ist der j\u00fcngste im Verein zugleich f\u00fcr die gr\u00f6\u00dften Erfolge in Salzburg und \u00d6sterreich verantwortlich. Daniel Lutz ist mit 16 Jahren bereits die klare Nummer 1 im \u00f6sterreichischen Jugendzirkus und wurde inzwischen auch in das Nationalteam einberufen! Inwischen ist Daniel Lutz auch zur Speerspitze der Bundesligamannschaft geworden und wir hoffen mit seiner Unterst\u00fctzung uns auch langfristig zu etablieren.<\/p>\n<p><a href=\"https:\/\/salzburgsquash.com\/wp-content\/uploads\/2022\/07\/lutz.jpg\"><img loading=\"lazy\" decoding=\"async\" class=\"alignnone wp-image-2691\" src=\"https:\/\/salzburgsquash.com\/wp-content\/uploads\/2022\/07\/lutz-1024x768.jpg\" alt=\"\" width=\"550\" height=\"413\" srcset=\"https:\/\/salzburgsquash.com\/wp-content\/uploads\/2022\/07\/lutz-1024x768.jpg 1024w, https:\/\/salzburgsquash.com\/wp-content\/uploads\/2022\/07\/lutz-300x225.jpg 300w, https:\/\/salzburgsquash.com\/wp-content\/uploads\/2022\/07\/lutz-768x576.jpg 768w, https:\/\/salzburgsquash.com\/wp-content\/uploads\/2022\/07\/lutz.jpg 2048w\" sizes=\"auto, (max-width: 550px) 100vw, 550px\" \/><\/a><\/p>\n<p><strong>Ein Auszug der Erfolge unserer gr\u00f6\u00dften Nachwuchhoffnung:<\/strong><\/p>\n<ul>\n<li>2019 Sieg BU13 Austrian Junior Open (ESF Grand Prix)<\/li>\n<li>2021 Sieg BU17 \u00d6sterreichische Meisterschaften<\/li>\n<li>2022 Sieg BU17 und BU19 \u00d6sterreichische Meisterschaften<\/li>\n<li>2022 Sieg BU17 Italian und Portoguese Junior open<\/li>\n<li>2022 5. Platz Doppelstaatsmeisterschaften allg. Klasse<\/li>\n<\/ul>\n<p>Auch die aktive Turnierteilnahme \u00f6sterreichweit, der Spieler des SqCV\u00b4s, ist ein fixer Bestandteil des Vereins.<\/p>\n<p>Unser Clubabend findet in der Squashanlage Gneis statt, wo wir auf drei Courts unser K\u00f6nnen erweitern und \u00fcber den Sport philosophieren. Zus\u00e4tzlich finden fast t\u00e4glich Einzeltrainings statt, so oft es unsere Zeit zul\u00e4sst.<\/p>\n<p><a href=\"https:\/\/salzburgsquash.com\/wp-content\/uploads\/2012\/01\/IMG-20161001-WA0007.jpg\"><img loading=\"lazy\" decoding=\"async\" class=\"alignnone wp-image-1772\" src=\"https:\/\/salzburgsquash.com\/wp-content\/uploads\/2012\/01\/IMG-20161001-WA0007-576x1024.jpg\" alt=\"\" width=\"550\" height=\"978\" srcset=\"https:\/\/salzburgsquash.com\/wp-content\/uploads\/2012\/01\/IMG-20161001-WA0007-576x1024.jpg 576w, https:\/\/salzburgsquash.com\/wp-content\/uploads\/2012\/01\/IMG-20161001-WA0007-169x300.jpg 169w, https:\/\/salzburgsquash.com\/wp-content\/uploads\/2012\/01\/IMG-20161001-WA0007-768x1365.jpg 768w, https:\/\/salzburgsquash.com\/wp-content\/uploads\/2012\/01\/IMG-20161001-WA0007.jpg 900w\" sizes=\"auto, (max-width: 550px) 100vw, 550px\" \/><\/a><\/p>\n<p>Ein wichtiger Grundpfeiler des Vereins sind auch die Aktivit\u00e4ten, welche sich nicht auf den Squash Sport beziehen. Unter anderem stehen Ausfl\u00fcge, wie z.B. mehrt\u00e4gige Bergtouren und Segelturns, sowie auch gro\u00dfangelegte Grillfeste mit den Sportlerfamilien am Jahresprogramm.<\/p>\n<p>Die aktuelle, aktive Kampfmannschaft des SqCV besteht derzeit aus folgenden Sportlern: Fasser Robert, Eibl Andreas, Lainer Thomas, Schmidhofer Rupert, Esterer Johann, Moser Thomas, Pichler Thomas, Wiltsche Christian, Gappmaier Denis, Writzmann Patrick und Eibl Wolfgang.<\/p>\n<p><strong><em><u>Der aktuelle Vorstand des SqCV besteht aus:<\/u><\/em><\/strong><\/p>\n<p>Obmann:\u00a0 Eibl Andreas<\/p>\n<p>Obmann Stv.:\u00a0 Gappmair Denis<\/p>\n<p>Kassier:\u00a0 Lainer Thomas<\/p>\n<p>Kassier Stv.:\u00a0 Eibl Andreas<\/p>\n<p>Schriftf\u00fchrer:\u00a0 Lainer Thomas<\/p>\n<p>Schriftf\u00fchrer Stv.:\u00a0 Gappmair Denis<\/p>\n\n\n<p><\/p>\n","protected":false},"excerpt":{"rendered":"<p>Der Squash Club Viehhausen, kurz SqCV, besteht seit dem Jahr 2009. Im Jahr 2011 erfolgte die Eintragung in das Vereinsregister mit Sitz in der Gemeinde Wals Siezenheim &#8211; Viehhausen. Die Gr\u00fcndungsmitglieder aus dem Jahr 2009: Eibl Wolfgang, Esterer Johann, Eibl Alois, Eibl Andreas Das Engagement unseres zwar sehr jungen, aber dennoch sehr aktiven Vereins, gilt dem schnellen Spiel mit dem Ball, sowie dem Streben nach sportlichen H\u00f6chstleistungen. Der SqCV ist seit Anbeginn Fixstarter in der zweith\u00f6chsten Liga \u00d6sterreichs, der Salzburger Landesliga. Bis zu Drei weitere Squash-Vereine aus dem Bundesland Salzburg, Freilassing und dem angrenzenden Ober\u00f6sterreich, k\u00e4mpfen dort um den Meistertitel. Unser Verein fixierte 2014 durch herausragende Leistungen den Herbstmeistertitel. Saison 2015, 2016 sowie 2017 konnte sogar der Vizemeistertitel nach Viehhausen geholt werden. 2018 war es <span class=\"readmore\"><a href=\"https:\/\/salzburgsquash.com\/?page_id=201\">Weiterlesen &#8230;<\/a><\/span><\/p>\n","protected":false},"author":3,"featured_media":1395,"parent":36,"menu_order":0,"comment_status":"closed","ping_status":"closed","template":"","meta":{"footnotes":""},"class_list":["post-201","page","type-page","status-publish","has-post-thumbnail","hentry"],"_links":{"self":[{"href":"https:\/\/salzburgsquash.com\/index.php?rest_route=\/wp\/v2\/pages\/201","targetHints":{"allow":["GET"]}}],"collection":[{"href":"https:\/\/salzburgsquash.com\/index.php?rest_route=\/wp\/v2\/pages"}],"about":[{"href":"https:\/\/salzburgsquash.com\/index.php?rest_route=\/wp\/v2\/types\/page"}],"author":[{"embeddable":true,"href":"https:\/\/salzburgsquash.com\/index.php?rest_route=\/wp\/v2\/users\/3"}],"replies":[{"embeddable":true,"href":"https:\/\/salzburgsquash.com\/index.php?rest_route=%2Fwp%2Fv2%2Fcomments&post=201"}],"version-history":[{"count":11,"href":"https:\/\/salzburgsquash.com\/index.php?rest_route=\/wp\/v2\/pages\/201\/revisions"}],"predecessor-version":[{"id":2738,"href":"https:\/\/salzburgsquash.com\/index.php?rest_route=\/wp\/v2\/pages\/201\/revisions\/2738"}],"up":[{"embeddable":true,"href":"https:\/\/salzburgsquash.com\/index.php?rest_route=\/wp\/v2\/pages\/36"}],"wp:featuredmedia":[{"embeddable":true,"href":"https:\/\/salzburgsquash.com\/index.php?rest_route=\/wp\/v2\/media\/1395"}],"wp:attachment":[{"href":"https:\/\/salzburgsquash.com\/index.php?rest_route=%2Fwp%2Fv2%2Fmedia&parent=201"}],"curies":[{"name":"wp","href":"https:\/\/api.w.org\/{rel}","templated":true}]}}