{"id":1563,"date":"2017-07-04T13:29:17","date_gmt":"2017-07-04T12:29:17","guid":{"rendered":"https:\/\/salzburgsquash.com\/?page_id=1563"},"modified":"2018-11-12T14:09:08","modified_gmt":"2018-11-12T13:09:08","slug":"landesmeisterschaften","status":"publish","type":"page","link":"https:\/\/salzburgsquash.com\/?page_id=1563","title":{"rendered":"Trainingslager"},"content":{"rendered":"<p>In enger Kooperation mit unseren Vereinen, sowie dem \u00d6sterreichischen Squash und Rackets Verband, wurden Vereinszumassnf\u00fchrende Trainingslager strukturiert, um den Leisteungstr\u00e4gern der allgemeinen Klasse, aber vorallem auch der Jugend, die M\u00f6glichkeit zu bieten, sich vielseitig weiterzuentwickeln.<\/p>\n<p>Die Zielsetzung besteht darin wieder an vergangene Erfolge anzukn\u00fcpfen und den Wiedereinstieg in die Bundeslige zu schaffen.<\/p>\n<p>Hierf\u00fcr arbeiten wir mit ausgebildeten Trainer aus div. Sparten zusammen.<\/p>\n<p>Zus\u00e4tzlich zu den Squash-spezifischen Trainern wird das Angebot ab 2019 auch auf spezielle Fitnesstrainer der Bereiche Kraftausdauer, Koordination, Stabilit\u00e4t, Yoga etc. erweitert, damit unsere Leistungstr\u00e4ger auch k\u00f6rperlich in der schnellsten Ballsportart der Welt besser bestehen k\u00f6nnen.<\/p>\n<p><strong>F\u00fcr Fragen zu Programm, Trainern, Terminen, Ablauf etc. stehe ich jederzeit zur Verf\u00fcgung:<\/strong><\/p>\n<hr \/>\n<p>fasser@squash.or.at.<\/p>\n","protected":false},"excerpt":{"rendered":"<p>In enger Kooperation mit unseren Vereinen, sowie dem \u00d6sterreichischen Squash und Rackets Verband, wurden Vereinszumassnf\u00fchrende Trainingslager strukturiert, um den Leisteungstr\u00e4gern der allgemeinen Klasse, aber vorallem auch der Jugend, die M\u00f6glichkeit zu bieten, sich vielseitig weiterzuentwickeln. Die Zielsetzung besteht darin wieder an vergangene Erfolge anzukn\u00fcpfen und den Wiedereinstieg in die Bundeslige zu schaffen. Hierf\u00fcr arbeiten wir mit ausgebildeten Trainer aus div. Sparten zusammen. Zus\u00e4tzlich zu den Squash-spezifischen Trainern wird das Angebot ab 2019 auch auf spezielle Fitnesstrainer der Bereiche Kraftausdauer, Koordination, Stabilit\u00e4t, Yoga etc. erweitert, damit unsere Leistungstr\u00e4ger auch k\u00f6rperlich in der schnellsten Ballsportart der Welt besser bestehen k\u00f6nnen. F\u00fcr Fragen zu Programm, Trainern, Terminen, Ablauf etc. stehe ich jederzeit zur Verf\u00fcgung: fasser@squash.or.at.<\/p>\n","protected":false},"author":1,"featured_media":0,"parent":0,"menu_order":0,"comment_status":"closed","ping_status":"closed","template":"","meta":{"footnotes":""},"class_list":["post-1563","page","type-page","status-publish","hentry"],"_links":{"self":[{"href":"https:\/\/salzburgsquash.com\/index.php?rest_route=\/wp\/v2\/pages\/1563","targetHints":{"allow":["GET"]}}],"collection":[{"href":"https:\/\/salzburgsquash.com\/index.php?rest_route=\/wp\/v2\/pages"}],"about":[{"href":"https:\/\/salzburgsquash.com\/index.php?rest_route=\/wp\/v2\/types\/page"}],"author":[{"embeddable":true,"href":"https:\/\/salzburgsquash.com\/index.php?rest_route=\/wp\/v2\/users\/1"}],"replies":[{"embeddable":true,"href":"https:\/\/salzburgsquash.com\/index.php?rest_route=%2Fwp%2Fv2%2Fcomments&post=1563"}],"version-history":[{"count":7,"href":"https:\/\/salzburgsquash.com\/index.php?rest_route=\/wp\/v2\/pages\/1563\/revisions"}],"predecessor-version":[{"id":2164,"href":"https:\/\/salzburgsquash.com\/index.php?rest_route=\/wp\/v2\/pages\/1563\/revisions\/2164"}],"wp:attachment":[{"href":"https:\/\/salzburgsquash.com\/index.php?rest_route=%2Fwp%2Fv2%2Fmedia&parent=1563"}],"curies":[{"name":"wp","href":"https:\/\/api.w.org\/{rel}","templated":true}]}}