{"id":1511,"date":"2017-06-12T13:32:53","date_gmt":"2017-06-12T12:32:53","guid":{"rendered":"https:\/\/salzburgsquash.com\/?page_id=1511"},"modified":"2017-08-03T09:49:17","modified_gmt":"2017-08-03T08:49:17","slug":"squash-club-mondsee","status":"publish","type":"page","link":"https:\/\/salzburgsquash.com\/?page_id=1511","title":{"rendered":"Squash Club Mondsee"},"content":{"rendered":"<h2><a href=\"https:\/\/salzburgsquash.com\/wp-content\/uploads\/2017\/06\/Squash4.jpg\"><img loading=\"lazy\" decoding=\"async\" class=\"alignnone size-large wp-image-1691\" src=\"https:\/\/salzburgsquash.com\/wp-content\/uploads\/2017\/06\/Squash4-1024x710.jpg\" alt=\"\" width=\"840\" height=\"582\" srcset=\"https:\/\/salzburgsquash.com\/wp-content\/uploads\/2017\/06\/Squash4-1024x710.jpg 1024w, https:\/\/salzburgsquash.com\/wp-content\/uploads\/2017\/06\/Squash4-300x208.jpg 300w, https:\/\/salzburgsquash.com\/wp-content\/uploads\/2017\/06\/Squash4-768x533.jpg 768w\" sizes=\"auto, (max-width: 840px) 100vw, 840px\" \/><\/a><\/h2>\n<h2>25 Jahre Squashclub Mondsee<\/h2>\n<p>Der Squashclub Mondsee feiert dieses Jahr sein 25-j\u00e4hriges Bestehen. Das ist f\u00fcr einen<br \/>\nClub in dieser noch relativ jungen Sportart eine beachtliche lange Zeit. Wir sind seit der<br \/>\nGr\u00fcndung ein Club mit einer best\u00e4ndigen Anzahl von Mitgliedern. Zurzeit sind wir der<br \/>\ngr\u00f6\u00dfte Squashclub in Salzburg\/Ober\u00f6sterreich (ca. 50 Mitglieder), mit vielen<br \/>\nLeistungstr\u00e4gern besonders im Jugendbereich.<\/p>\n<p>Wir haben eine sehr vielf\u00e4ltige Zusammensetzung ausvielen unterschiedlichen<br \/>\nMitgliedern (Jung und Alt, Anf\u00e4nger und Profi, Herren und Damen). Wir f\u00fchren unseren<br \/>\nErfolg auch auf unseren Leitsatz \u201eJeder spielt mit jedem\u201c zur\u00fcck, der verhindert, dass wir<br \/>\nein reiner Eliteclub ohne Nachwuchs geworden sind. Neben dem Squash bietet der Club<br \/>\nweitere vielf\u00e4ltige Freizeitaktivit\u00e4ten wie Skifahren, Bergsteigen, Grillen, Kegeln und<br \/>\nvieles mehr.<\/p>\n<p>Wir schauen voll Zuversicht auf weitere erfolgreiche Jahre, in denen wir einen<br \/>\nma\u00dfgeblichen Beitrag f\u00fcr die Region Mondsee in Punkto Fitness, Bereicherung des Sport-<br \/>\nund Freizeitangebotes und Steigerung der Lebensqualit\u00e4t sowie die F\u00f6rderung der<br \/>\nJugendlichen leisten k\u00f6nnen.<\/p>\n<p>Unsere regelm\u00e4\u00dfigen Clubabenden finden drei Mal dieWoche im Vitaclub Mondsee<br \/>\n(Sportland) am Mittwoch, Freitag und Sonntag von 17:00 bis 21:00 statt. Jeder ist sehr<br \/>\nherzlich jederzeit zum Schnuppern willkommen. Einfach mal vorbeischauen und uns<br \/>\nansprechen. Es gibt ein regelm\u00e4\u00dfiges Kindertrainingjeden Freitag von 17:00-18:00<br \/>\n(au\u00dfer in den Ferien). Dieses sehr erfolgreiche Training wird unter der professionellen<br \/>\nLeitung des staatlich gepr\u00fcften Sportwarts Bernhard Eppenschwandtner durchgef\u00fchrt.<br \/>\nDurch die langj\u00e4hrige Jugendarbeit sind die Jugendlichen in \u00d6sterreich bereits an der<br \/>\nSpitze angekommen. Die Jugendlichen holen immer wieder den Titel des \u00d6sterreichischen<br \/>\nMeisters nach Mondsee. Auch im Mannschaftsmeisterschaftsbetrieb der Jugend in der wir<br \/>\nmit zwei Mannschaften in Ober\u00f6sterreich spielen, gewinnen wir seit mehreren Jahren den<br \/>\nersten Platz. Seit einigen Jahren sind unsere Jugendlichen auch im Ausland bei international<br \/>\nnoch st\u00e4rker vertretenen Turnieren in Deutschland, Italien und Ungarn dabei.<\/p>\n<p>Auch f\u00fcr die Erwachsenen gibt es immer wieder Topklasse Trainingsm\u00f6glichkeiten. So<br \/>\nkonnten wir die Elite des Squashsports wie Pamela Pancis, Rehan van der Merwe und<br \/>\naktuell Aqeel Rehman als Trainer engagieren. Auch Topsportler aus anderen Sportarten<br \/>\nzieht es zu unserem Club wie unser prominentestes langj\u00e4hriges Mitglied Andreas<br \/>\nGoldberger.<\/p>\n<p><strong>Noch mehr Informationen gibt es auf der Hompage www.mondsee-squash.at<\/strong><\/p>\n<p><a href=\"https:\/\/salzburgsquash.com\/wp-content\/uploads\/2017\/06\/rollup.jpg\"><img loading=\"lazy\" decoding=\"async\" class=\"alignnone size-full wp-image-1692\" src=\"https:\/\/salzburgsquash.com\/wp-content\/uploads\/2017\/06\/rollup.jpg\" alt=\"\" width=\"319\" height=\"795\" srcset=\"https:\/\/salzburgsquash.com\/wp-content\/uploads\/2017\/06\/rollup.jpg 319w, https:\/\/salzburgsquash.com\/wp-content\/uploads\/2017\/06\/rollup-120x300.jpg 120w\" sizes=\"auto, (max-width: 319px) 100vw, 319px\" \/><\/a><\/p>\n<p>&nbsp;<\/p>\n","protected":false},"excerpt":{"rendered":"<p>25 Jahre Squashclub Mondsee Der Squashclub Mondsee feiert dieses Jahr sein 25-j\u00e4hriges Bestehen. Das ist f\u00fcr einen Club in dieser noch relativ jungen Sportart eine beachtliche lange Zeit. Wir sind seit der Gr\u00fcndung ein Club mit einer best\u00e4ndigen Anzahl von Mitgliedern. Zurzeit sind wir der gr\u00f6\u00dfte Squashclub in Salzburg\/Ober\u00f6sterreich (ca. 50 Mitglieder), mit vielen Leistungstr\u00e4gern besonders im Jugendbereich. Wir haben eine sehr vielf\u00e4ltige Zusammensetzung ausvielen unterschiedlichen Mitgliedern (Jung und Alt, Anf\u00e4nger und Profi, Herren und Damen). Wir f\u00fchren unseren Erfolg auch auf unseren Leitsatz \u201eJeder spielt mit jedem\u201c zur\u00fcck, der verhindert, dass wir ein reiner Eliteclub ohne Nachwuchs geworden sind. Neben dem Squash bietet der Club weitere vielf\u00e4ltige Freizeitaktivit\u00e4ten wie Skifahren, Bergsteigen, Grillen, Kegeln und vieles mehr. Wir schauen voll Zuversicht auf weitere erfolgreiche Jahre, <span class=\"readmore\"><a href=\"https:\/\/salzburgsquash.com\/?page_id=1511\">Weiterlesen &#8230;<\/a><\/span><\/p>\n","protected":false},"author":10,"featured_media":0,"parent":36,"menu_order":0,"comment_status":"closed","ping_status":"closed","template":"","meta":{"footnotes":""},"class_list":["post-1511","page","type-page","status-publish","hentry"],"_links":{"self":[{"href":"https:\/\/salzburgsquash.com\/index.php?rest_route=\/wp\/v2\/pages\/1511","targetHints":{"allow":["GET"]}}],"collection":[{"href":"https:\/\/salzburgsquash.com\/index.php?rest_route=\/wp\/v2\/pages"}],"about":[{"href":"https:\/\/salzburgsquash.com\/index.php?rest_route=\/wp\/v2\/types\/page"}],"author":[{"embeddable":true,"href":"https:\/\/salzburgsquash.com\/index.php?rest_route=\/wp\/v2\/users\/10"}],"replies":[{"embeddable":true,"href":"https:\/\/salzburgsquash.com\/index.php?rest_route=%2Fwp%2Fv2%2Fcomments&post=1511"}],"version-history":[{"count":6,"href":"https:\/\/salzburgsquash.com\/index.php?rest_route=\/wp\/v2\/pages\/1511\/revisions"}],"predecessor-version":[{"id":1697,"href":"https:\/\/salzburgsquash.com\/index.php?rest_route=\/wp\/v2\/pages\/1511\/revisions\/1697"}],"up":[{"embeddable":true,"href":"https:\/\/salzburgsquash.com\/index.php?rest_route=\/wp\/v2\/pages\/36"}],"wp:attachment":[{"href":"https:\/\/salzburgsquash.com\/index.php?rest_route=%2Fwp%2Fv2%2Fmedia&parent=1511"}],"curies":[{"name":"wp","href":"https:\/\/api.w.org\/{rel}","templated":true}]}}